{"id":185,"date":"2022-08-30T06:15:05","date_gmt":"2022-08-30T06:15:05","guid":{"rendered":"http:\/\/krystalwp.spiraclethemes.com\/demo13\/?page_id=185"},"modified":"2023-06-02T12:24:41","modified_gmt":"2023-06-02T12:24:41","slug":"na-kontaktoni","status":"publish","type":"page","link":"https:\/\/semirshabani.mk\/sq\/na-kontaktoni\/","title":{"rendered":"Na Kontaktoni"},"content":{"rendered":"\t\t<div data-elementor-type=\"wp-post\" data-elementor-id=\"185\" class=\"elementor elementor-185\">\n\t\t\t\t\t\t<section class=\"elementor-section elementor-top-section elementor-element elementor-element-3f083d91 elementor-section-boxed elementor-section-height-default elementor-section-height-default\" data-id=\"3f083d91\" data-element_type=\"section\" data-e-type=\"section\">\n\t\t\t\t\t\t<div class=\"elementor-container elementor-column-gap-default\">\n\t\t\t\t\t<div class=\"elementor-column elementor-col-100 elementor-top-column elementor-element elementor-element-5d1303b5\" data-id=\"5d1303b5\" data-element_type=\"column\" data-e-type=\"column\">\n\t\t\t<div class=\"elementor-widget-wrap elementor-element-populated\">\n\t\t\t\t\t\t<div class=\"elementor-element elementor-element-148fcb37 elementor-widget elementor-widget-heading\" data-id=\"148fcb37\" data-element_type=\"widget\" data-e-type=\"widget\" data-widget_type=\"heading.default\">\n\t\t\t\t<div class=\"elementor-widget-container\">\n\t\t\t\t\t<h2 class=\"elementor-heading-title elementor-size-default\">MERRNI KONSULTIM FALAS<\/h2>\t\t\t\t<\/div>\n\t\t\t\t<\/div>\n\t\t\t\t<div class=\"elementor-element elementor-element-2ca2a200 elementor-widget elementor-widget-heading\" data-id=\"2ca2a200\" data-element_type=\"widget\" data-e-type=\"widget\" data-widget_type=\"heading.default\">\n\t\t\t\t<div class=\"elementor-widget-container\">\n\t\t\t\t\t<h2 class=\"elementor-heading-title elementor-size-default\">NA D\u00cbRGO NJ\u00cb MESAZH DHE MERR K\u00cbSHILL\u00cb EKSPERTI<\/h2>\t\t\t\t<\/div>\n\t\t\t\t<\/div>\n\t\t\t\t\t<\/div>\n\t\t<\/div>\n\t\t\t\t\t<\/div>\n\t\t<\/section>\n\t\t\t\t<section class=\"elementor-section elementor-top-section elementor-element elementor-element-7849be7 elementor-section-boxed elementor-section-height-default elementor-section-height-default\" data-id=\"7849be7\" data-element_type=\"section\" data-e-type=\"section\">\n\t\t\t\t\t\t<div class=\"elementor-container elementor-column-gap-default\">\n\t\t\t\t\t<div class=\"elementor-column elementor-col-50 elementor-top-column elementor-element elementor-element-f908e14\" data-id=\"f908e14\" data-element_type=\"column\" data-e-type=\"column\">\n\t\t\t<div class=\"elementor-widget-wrap elementor-element-populated\">\n\t\t\t\t\t\t<div class=\"elementor-element elementor-element-089ab4d elementor-view-default elementor-widget elementor-widget-icon\" data-id=\"089ab4d\" data-element_type=\"widget\" data-e-type=\"widget\" data-widget_type=\"icon.default\">\n\t\t\t\t<div class=\"elementor-widget-container\">\n\t\t\t\t\t\t\t<div class=\"elementor-icon-wrapper\">\n\t\t\t<div class=\"elementor-icon\">\n\t\t\t<i aria-hidden=\"true\" class=\"fas fa-map-marked-alt\"><\/i>\t\t\t<\/div>\n\t\t<\/div>\n\t\t\t\t\t\t<\/div>\n\t\t\t\t<\/div>\n\t\t\t\t<div class=\"elementor-element elementor-element-0b7b0cf elementor-widget elementor-widget-heading\" data-id=\"0b7b0cf\" data-element_type=\"widget\" data-e-type=\"widget\" data-widget_type=\"heading.default\">\n\t\t\t\t<div class=\"elementor-widget-container\">\n\t\t\t\t\t<h2 class=\"elementor-heading-title elementor-size-default\">Radovan Conikj 8\/8, Tetovo 1220<br>\n1200, Tetovo<br>\nNorth Macedonia,<\/h2>\t\t\t\t<\/div>\n\t\t\t\t<\/div>\n\t\t\t\t<div class=\"elementor-element elementor-element-d1857e3 elementor-view-default elementor-widget elementor-widget-icon\" data-id=\"d1857e3\" data-element_type=\"widget\" data-e-type=\"widget\" data-widget_type=\"icon.default\">\n\t\t\t\t<div class=\"elementor-widget-container\">\n\t\t\t\t\t\t\t<div class=\"elementor-icon-wrapper\">\n\t\t\t<div class=\"elementor-icon\">\n\t\t\t<i aria-hidden=\"true\" class=\"fas fa-phone-alt\"><\/i>\t\t\t<\/div>\n\t\t<\/div>\n\t\t\t\t\t\t<\/div>\n\t\t\t\t<\/div>\n\t\t\t\t<div class=\"elementor-element elementor-element-cac5721 elementor-widget elementor-widget-heading\" data-id=\"cac5721\" data-element_type=\"widget\" data-e-type=\"widget\" data-widget_type=\"heading.default\">\n\t\t\t\t<div class=\"elementor-widget-container\">\n\t\t\t\t\t<h2 class=\"elementor-heading-title elementor-size-default\">+389 (0) 76 527 969<\/h2>\t\t\t\t<\/div>\n\t\t\t\t<\/div>\n\t\t\t\t<div class=\"elementor-element elementor-element-5dad7b6 elementor-view-default elementor-widget elementor-widget-icon\" data-id=\"5dad7b6\" data-element_type=\"widget\" data-e-type=\"widget\" data-widget_type=\"icon.default\">\n\t\t\t\t<div class=\"elementor-widget-container\">\n\t\t\t\t\t\t\t<div class=\"elementor-icon-wrapper\">\n\t\t\t<div class=\"elementor-icon\">\n\t\t\t<i aria-hidden=\"true\" class=\"fas fa-envelope\"><\/i>\t\t\t<\/div>\n\t\t<\/div>\n\t\t\t\t\t\t<\/div>\n\t\t\t\t<\/div>\n\t\t\t\t<div class=\"elementor-element elementor-element-8080ea8 elementor-widget elementor-widget-heading\" data-id=\"8080ea8\" data-element_type=\"widget\" data-e-type=\"widget\" data-widget_type=\"heading.default\">\n\t\t\t\t<div class=\"elementor-widget-container\">\n\t\t\t\t\t<h2 class=\"elementor-heading-title elementor-size-default\">contact@semrishabani.com<\/h2>\t\t\t\t<\/div>\n\t\t\t\t<\/div>\n\t\t\t\t\t<\/div>\n\t\t<\/div>\n\t\t\t\t<div class=\"elementor-column elementor-col-50 elementor-top-column elementor-element elementor-element-bbb8f65\" data-id=\"bbb8f65\" data-element_type=\"column\" data-e-type=\"column\">\n\t\t\t<div class=\"elementor-widget-wrap elementor-element-populated\">\n\t\t\t\t\t\t<div class=\"elementor-element elementor-element-3cae33f elementor-widget elementor-widget-shortcode\" data-id=\"3cae33f\" data-element_type=\"widget\" data-e-type=\"widget\" data-widget_type=\"shortcode.default\">\n\t\t\t\t<div class=\"elementor-widget-container\">\n\t\t\t\t\t\t\t<div class=\"elementor-shortcode\">\n<div class=\"wpcf7 no-js\" id=\"wpcf7-f188-o1\" lang=\"en-US\" dir=\"ltr\" data-wpcf7-id=\"188\">\n<div class=\"screen-reader-response\"><p role=\"status\" aria-live=\"polite\" aria-atomic=\"true\"><\/p> <ul><\/ul><\/div>\n<form action=\"\/sq\/wp-json\/wp\/v2\/pages\/185#wpcf7-f188-o1\" method=\"post\" class=\"wpcf7-form init\" aria-label=\"Contact form\" novalidate=\"novalidate\" data-status=\"init\">\n<fieldset class=\"hidden-fields-container\"><input type=\"hidden\" name=\"_wpcf7\" value=\"188\" \/><input type=\"hidden\" name=\"_wpcf7_version\" value=\"6.1.5\" \/><input type=\"hidden\" name=\"_wpcf7_locale\" value=\"en_US\" \/><input type=\"hidden\" name=\"_wpcf7_unit_tag\" value=\"wpcf7-f188-o1\" \/><input type=\"hidden\" name=\"_wpcf7_container_post\" value=\"0\" \/><input type=\"hidden\" name=\"_wpcf7_posted_data_hash\" value=\"\" \/>\n<\/fieldset>\n<p><label> Your Name (required)<br \/>\n<span class=\"wpcf7-form-control-wrap\" data-name=\"your-name\"><input size=\"40\" maxlength=\"400\" class=\"wpcf7-form-control wpcf7-text wpcf7-validates-as-required\" aria-required=\"true\" aria-invalid=\"false\" value=\"\" type=\"text\" name=\"your-name\" \/><\/span> <\/label>\n<\/p>\n<p><label> Your Email (required)<br \/>\n<span class=\"wpcf7-form-control-wrap\" data-name=\"your-email\"><input size=\"40\" maxlength=\"400\" class=\"wpcf7-form-control wpcf7-email wpcf7-validates-as-required wpcf7-text wpcf7-validates-as-email\" aria-required=\"true\" aria-invalid=\"false\" value=\"\" type=\"email\" name=\"your-email\" \/><\/span> <\/label>\n<\/p>\n<p><label> Subject<br \/>\n<span class=\"wpcf7-form-control-wrap\" data-name=\"your-subject\"><input size=\"40\" maxlength=\"400\" class=\"wpcf7-form-control wpcf7-text\" aria-invalid=\"false\" value=\"\" type=\"text\" name=\"your-subject\" \/><\/span> <\/label>\n<\/p>\n<p><label> Your Message<br \/>\n<span class=\"wpcf7-form-control-wrap\" data-name=\"your-message\"><textarea cols=\"40\" rows=\"10\" maxlength=\"2000\" class=\"wpcf7-form-control wpcf7-textarea\" aria-invalid=\"false\" name=\"your-message\"><\/textarea><\/span> <\/label>\n<\/p>\n<p><input class=\"wpcf7-form-control wpcf7-submit has-spinner\" type=\"submit\" value=\"Send\" \/>\n<\/p><div class=\"wpcf7-response-output\" aria-hidden=\"true\"><\/div>\n<\/form>\n<\/div>\n<\/div>\n\t\t\t\t\t\t<\/div>\n\t\t\t\t<\/div>\n\t\t\t\t\t<\/div>\n\t\t<\/div>\n\t\t\t\t\t<\/div>\n\t\t<\/section>\n\t\t\t\t<section class=\"elementor-section elementor-top-section elementor-element elementor-element-7ea4725d elementor-section-full_width elementor-section-height-default elementor-section-height-default\" data-id=\"7ea4725d\" data-element_type=\"section\" data-e-type=\"section\">\n\t\t\t\t\t\t<div class=\"elementor-container elementor-column-gap-no\">\n\t\t\t\t\t<div class=\"elementor-column elementor-col-100 elementor-top-column elementor-element elementor-element-25debb8b\" data-id=\"25debb8b\" data-element_type=\"column\" data-e-type=\"column\">\n\t\t\t<div class=\"elementor-widget-wrap elementor-element-populated\">\n\t\t\t\t\t\t<div class=\"elementor-element elementor-element-3deafec2 elementor-widget elementor-widget-google_maps\" data-id=\"3deafec2\" data-element_type=\"widget\" data-e-type=\"widget\" data-widget_type=\"google_maps.default\">\n\t\t\t\t<div class=\"elementor-widget-container\">\n\t\t\t\t\t\t\t<div class=\"elementor-custom-embed\">\n\t\t\t<iframe loading=\"lazy\"\n\t\t\t\t\tsrc=\"https:\/\/maps.google.com\/maps?q=Radovan%20Conikj%208%2F9%2C%20Tetovo%2C%20Macedonia&#038;t=m&#038;z=12&#038;output=embed&#038;iwloc=near\"\n\t\t\t\t\ttitle=\"Radovan Conikj 8\/9, Tetovo, Macedonia\"\n\t\t\t\t\taria-label=\"Radovan Conikj 8\/9, Tetovo, Macedonia\"\n\t\t\t><\/iframe>\n\t\t<\/div>\n\t\t\t\t\t\t<\/div>\n\t\t\t\t<\/div>\n\t\t\t\t\t<\/div>\n\t\t<\/div>\n\t\t\t\t\t<\/div>\n\t\t<\/section>\n\t\t\t\t<\/div>\n\t\t","protected":false},"excerpt":{"rendered":"<p>MERRNI KONSULTIM FALAS NA D\u00cbRGO NJ\u00cb MESAZH DHE MERR K\u00cbSHILL\u00cb EKSPERTI Radovan Conikj 8\/8, Tetovo 1220 1200, Tetovo North Macedonia, +389 (0) 76 527 969&hellip;<\/p>\n","protected":false},"author":1,"featured_media":0,"parent":0,"menu_order":0,"comment_status":"closed","ping_status":"closed","template":"","meta":{"footnotes":""},"class_list":["post-185","page","type-page","status-publish","hentry"],"yoast_head":"<!-- This site is optimized with the Yoast SEO plugin v27.4 - https:\/\/yoast.com\/product\/yoast-seo-wordpress\/ -->\n<title>Na Kontaktoni - Semir Shabani<\/title>\n<meta name=\"description\" content=\"Semir Shabani\" \/>\n<meta name=\"robots\" content=\"index, follow, max-snippet:-1, max-image-preview:large, max-video-preview:-1\" \/>\n<link rel=\"canonical\" href=\"https:\/\/semirshabani.mk\/sq\/na-kontaktoni\/\" \/>\n<meta property=\"og:locale\" content=\"sq_AL\" \/>\n<meta property=\"og:type\" content=\"article\" \/>\n<meta property=\"og:title\" content=\"Na Kontaktoni - Semir Shabani\" \/>\n<meta property=\"og:description\" content=\"Semir Shabani\" \/>\n<meta property=\"og:url\" content=\"https:\/\/semirshabani.mk\/sq\/na-kontaktoni\/\" \/>\n<meta property=\"og:site_name\" content=\"Semir Shabani\" \/>\n<meta property=\"article:publisher\" content=\"https:\/\/www.facebook.com\/semir.shabani\" \/>\n<meta property=\"article:modified_time\" content=\"2023-06-02T12:24:41+00:00\" \/>\n<meta name=\"twitter:card\" content=\"summary_large_image\" \/>\n<script type=\"application\/ld+json\" class=\"yoast-schema-graph\">{\"@context\":\"https:\\\/\\\/schema.org\",\"@graph\":[{\"@type\":\"WebPage\",\"@id\":\"https:\\\/\\\/semirshabani.mk\\\/sq\\\/na-kontaktoni\\\/\",\"url\":\"https:\\\/\\\/semirshabani.mk\\\/sq\\\/na-kontaktoni\\\/\",\"name\":\"Na Kontaktoni - Semir Shabani\",\"isPartOf\":{\"@id\":\"https:\\\/\\\/semirshabani.mk\\\/sq\\\/#website\"},\"datePublished\":\"2022-08-30T06:15:05+00:00\",\"dateModified\":\"2023-06-02T12:24:41+00:00\",\"description\":\"Semir Shabani\",\"breadcrumb\":{\"@id\":\"https:\\\/\\\/semirshabani.mk\\\/sq\\\/na-kontaktoni\\\/#breadcrumb\"},\"inLanguage\":\"sq-AL\",\"potentialAction\":[{\"@type\":\"ReadAction\",\"target\":[\"https:\\\/\\\/semirshabani.mk\\\/sq\\\/na-kontaktoni\\\/\"]}]},{\"@type\":\"BreadcrumbList\",\"@id\":\"https:\\\/\\\/semirshabani.mk\\\/sq\\\/na-kontaktoni\\\/#breadcrumb\",\"itemListElement\":[{\"@type\":\"ListItem\",\"position\":1,\"name\":\"Home\",\"item\":\"https:\\\/\\\/semirshabani.mk\\\/sq\\\/\"},{\"@type\":\"ListItem\",\"position\":2,\"name\":\"Na Kontaktoni\"}]},{\"@type\":\"WebSite\",\"@id\":\"https:\\\/\\\/semirshabani.mk\\\/sq\\\/#website\",\"url\":\"https:\\\/\\\/semirshabani.mk\\\/sq\\\/\",\"name\":\"Semir Shabani\",\"description\":\"Avokat - \u0410\u0434\u0432\u043e\u043a\u0430\u0442 - Lawyer\",\"publisher\":{\"@id\":\"https:\\\/\\\/semirshabani.mk\\\/sq\\\/#organization\"},\"alternateName\":\"Avokat - \u0410\u0434\u0432\u043e\u043a\u0430\u0442 - Lawyer\",\"potentialAction\":[{\"@type\":\"SearchAction\",\"target\":{\"@type\":\"EntryPoint\",\"urlTemplate\":\"https:\\\/\\\/semirshabani.mk\\\/sq\\\/?s={search_term_string}\"},\"query-input\":{\"@type\":\"PropertyValueSpecification\",\"valueRequired\":true,\"valueName\":\"search_term_string\"}}],\"inLanguage\":\"sq-AL\"},{\"@type\":\"Organization\",\"@id\":\"https:\\\/\\\/semirshabani.mk\\\/sq\\\/#organization\",\"name\":\"Semir Shabani\",\"alternateName\":\"Avokat - \u0410\u0434\u0432\u043e\u043a\u0430\u0442 - Lawyer\",\"url\":\"https:\\\/\\\/semirshabani.mk\\\/sq\\\/\",\"logo\":{\"@type\":\"ImageObject\",\"inLanguage\":\"sq-AL\",\"@id\":\"https:\\\/\\\/semirshabani.mk\\\/sq\\\/#\\\/schema\\\/logo\\\/image\\\/\",\"url\":\"https:\\\/\\\/semirshabani.mk\\\/wp-content\\\/uploads\\\/2022\\\/11\\\/favlogo512x512.png\",\"contentUrl\":\"https:\\\/\\\/semirshabani.mk\\\/wp-content\\\/uploads\\\/2022\\\/11\\\/favlogo512x512.png\",\"width\":513,\"height\":512,\"caption\":\"Semir Shabani\"},\"image\":{\"@id\":\"https:\\\/\\\/semirshabani.mk\\\/sq\\\/#\\\/schema\\\/logo\\\/image\\\/\"},\"sameAs\":[\"https:\\\/\\\/www.facebook.com\\\/semir.shabani\"]}]}<\/script>\n<!-- \/ Yoast SEO plugin. -->","yoast_head_json":{"title":"Na Kontaktoni - Semir Shabani","description":"Semir Shabani","robots":{"index":"index","follow":"follow","max-snippet":"max-snippet:-1","max-image-preview":"max-image-preview:large","max-video-preview":"max-video-preview:-1"},"canonical":"https:\/\/semirshabani.mk\/sq\/na-kontaktoni\/","og_locale":"sq_AL","og_type":"article","og_title":"Na Kontaktoni - Semir Shabani","og_description":"Semir Shabani","og_url":"https:\/\/semirshabani.mk\/sq\/na-kontaktoni\/","og_site_name":"Semir Shabani","article_publisher":"https:\/\/www.facebook.com\/semir.shabani","article_modified_time":"2023-06-02T12:24:41+00:00","twitter_card":"summary_large_image","schema":{"@context":"https:\/\/schema.org","@graph":[{"@type":"WebPage","@id":"https:\/\/semirshabani.mk\/sq\/na-kontaktoni\/","url":"https:\/\/semirshabani.mk\/sq\/na-kontaktoni\/","name":"Na Kontaktoni - Semir Shabani","isPartOf":{"@id":"https:\/\/semirshabani.mk\/sq\/#website"},"datePublished":"2022-08-30T06:15:05+00:00","dateModified":"2023-06-02T12:24:41+00:00","description":"Semir Shabani","breadcrumb":{"@id":"https:\/\/semirshabani.mk\/sq\/na-kontaktoni\/#breadcrumb"},"inLanguage":"sq-AL","potentialAction":[{"@type":"ReadAction","target":["https:\/\/semirshabani.mk\/sq\/na-kontaktoni\/"]}]},{"@type":"BreadcrumbList","@id":"https:\/\/semirshabani.mk\/sq\/na-kontaktoni\/#breadcrumb","itemListElement":[{"@type":"ListItem","position":1,"name":"Home","item":"https:\/\/semirshabani.mk\/sq\/"},{"@type":"ListItem","position":2,"name":"Na Kontaktoni"}]},{"@type":"WebSite","@id":"https:\/\/semirshabani.mk\/sq\/#website","url":"https:\/\/semirshabani.mk\/sq\/","name":"Semir Shabani","description":"Avokat - \u0410\u0434\u0432\u043e\u043a\u0430\u0442 - Lawyer","publisher":{"@id":"https:\/\/semirshabani.mk\/sq\/#organization"},"alternateName":"Avokat - \u0410\u0434\u0432\u043e\u043a\u0430\u0442 - Lawyer","potentialAction":[{"@type":"SearchAction","target":{"@type":"EntryPoint","urlTemplate":"https:\/\/semirshabani.mk\/sq\/?s={search_term_string}"},"query-input":{"@type":"PropertyValueSpecification","valueRequired":true,"valueName":"search_term_string"}}],"inLanguage":"sq-AL"},{"@type":"Organization","@id":"https:\/\/semirshabani.mk\/sq\/#organization","name":"Semir Shabani","alternateName":"Avokat - \u0410\u0434\u0432\u043e\u043a\u0430\u0442 - Lawyer","url":"https:\/\/semirshabani.mk\/sq\/","logo":{"@type":"ImageObject","inLanguage":"sq-AL","@id":"https:\/\/semirshabani.mk\/sq\/#\/schema\/logo\/image\/","url":"https:\/\/semirshabani.mk\/wp-content\/uploads\/2022\/11\/favlogo512x512.png","contentUrl":"https:\/\/semirshabani.mk\/wp-content\/uploads\/2022\/11\/favlogo512x512.png","width":513,"height":512,"caption":"Semir Shabani"},"image":{"@id":"https:\/\/semirshabani.mk\/sq\/#\/schema\/logo\/image\/"},"sameAs":["https:\/\/www.facebook.com\/semir.shabani"]}]}},"_links":{"self":[{"href":"https:\/\/semirshabani.mk\/sq\/wp-json\/wp\/v2\/pages\/185","targetHints":{"allow":["GET"]}}],"collection":[{"href":"https:\/\/semirshabani.mk\/sq\/wp-json\/wp\/v2\/pages"}],"about":[{"href":"https:\/\/semirshabani.mk\/sq\/wp-json\/wp\/v2\/types\/page"}],"author":[{"embeddable":true,"href":"https:\/\/semirshabani.mk\/sq\/wp-json\/wp\/v2\/users\/1"}],"replies":[{"embeddable":true,"href":"https:\/\/semirshabani.mk\/sq\/wp-json\/wp\/v2\/comments?post=185"}],"version-history":[{"count":16,"href":"https:\/\/semirshabani.mk\/sq\/wp-json\/wp\/v2\/pages\/185\/revisions"}],"predecessor-version":[{"id":898,"href":"https:\/\/semirshabani.mk\/sq\/wp-json\/wp\/v2\/pages\/185\/revisions\/898"}],"wp:attachment":[{"href":"https:\/\/semirshabani.mk\/sq\/wp-json\/wp\/v2\/media?parent=185"}],"curies":[{"name":"wp","href":"https:\/\/api.w.org\/{rel}","templated":true}]}}