{"id":221,"date":"2022-08-29T07:22:05","date_gmt":"2022-08-29T07:22:05","guid":{"rendered":"http:\/\/krystalwp.spiraclethemes.com\/demo13\/?page_id=122"},"modified":"2022-11-27T19:02:27","modified_gmt":"2022-11-27T19:02:27","slug":"perne","status":"publish","type":"page","link":"https:\/\/semirshabani.mk\/sq\/perne\/","title":{"rendered":"P\u00ebr Ne"},"content":{"rendered":"\t\t<div data-elementor-type=\"wp-post\" data-elementor-id=\"221\" class=\"elementor elementor-221\">\n\t\t\t\t\t\t<section class=\"elementor-section elementor-top-section elementor-element elementor-element-706af11 elementor-section-boxed elementor-section-height-default elementor-section-height-default\" data-id=\"706af11\" data-element_type=\"section\" data-e-type=\"section\">\n\t\t\t\t\t\t<div class=\"elementor-container elementor-column-gap-default\">\n\t\t\t\t\t<div class=\"elementor-column elementor-col-100 elementor-top-column elementor-element elementor-element-2315c76\" data-id=\"2315c76\" data-element_type=\"column\" data-e-type=\"column\">\n\t\t\t<div class=\"elementor-widget-wrap elementor-element-populated\">\n\t\t\t\t\t\t<div class=\"elementor-element elementor-element-ac0da1f elementor-widget elementor-widget-heading\" data-id=\"ac0da1f\" data-element_type=\"widget\" data-e-type=\"widget\" data-widget_type=\"heading.default\">\n\t\t\t\t<div class=\"elementor-widget-container\">\n\t\t\t\t\t<h2 class=\"elementor-heading-title elementor-size-default\">KUSH JEMI NE<\/h2>\t\t\t\t<\/div>\n\t\t\t\t<\/div>\n\t\t\t\t<div class=\"elementor-element elementor-element-820d081 elementor-widget elementor-widget-heading\" data-id=\"820d081\" data-element_type=\"widget\" data-e-type=\"widget\" data-widget_type=\"heading.default\">\n\t\t\t\t<div class=\"elementor-widget-container\">\n\t\t\t\t\t<h2 class=\"elementor-heading-title elementor-size-default\">Di\u00e7ka m\u00eb tep\u00ebr p\u00ebr ne<\/h2>\t\t\t\t<\/div>\n\t\t\t\t<\/div>\n\t\t\t\t\t<\/div>\n\t\t<\/div>\n\t\t\t\t\t<\/div>\n\t\t<\/section>\n\t\t\t\t<section class=\"elementor-section elementor-top-section elementor-element elementor-element-b16575c elementor-section-boxed elementor-section-height-default elementor-section-height-default\" data-id=\"b16575c\" data-element_type=\"section\" data-e-type=\"section\">\n\t\t\t\t\t\t<div class=\"elementor-container elementor-column-gap-default\">\n\t\t\t\t\t<div class=\"elementor-column elementor-col-100 elementor-top-column elementor-element elementor-element-2bc3bba\" data-id=\"2bc3bba\" data-element_type=\"column\" data-e-type=\"column\">\n\t\t\t<div class=\"elementor-widget-wrap elementor-element-populated\">\n\t\t\t\t\t\t<div class=\"elementor-element elementor-element-375bcb5 elementor-widget elementor-widget-text-editor\" data-id=\"375bcb5\" data-element_type=\"widget\" data-e-type=\"widget\" data-widget_type=\"text-editor.default\">\n\t\t\t\t<div class=\"elementor-widget-container\">\n\t\t\t\t\t\t\t\t\t<p><span style=\"font-size: 13px;\">Me p\u00ebrvoj\u00ebn q\u00eb kam fituar n\u00eb komapni t\u00eb ndryshme nd\u00ebr vite jap m\u00eb t\u00eb mir\u00ebn e mundshme t\u00eb mbroj dhe p\u00ebrfaq\u00ebsoj me profesionaliz\u00ebm m\u00eb t\u00eb lart\u00eb t\u00eb drejtat tuaja dhe kompanis\u00eb suaj. Kam p\u00ebrvoj\u00eb dhe c\u00ebshtje t\u00eb zgjedhura n\u00eb t\u00eb drejt\u00ebn e puntor\u00ebve dhe p\u00ebrfaq\u00ebsim t\u00eb organeve administrative shtet\u00ebrore. Jam i gatsh\u00ebm t\u00eb jem z\u00ebri i juaja n\u00eb mbrojtjen tuaj dhe afirmimin e t\u00eb drejt\u00ebs suaj.<\/span><\/p>\t\t\t\t\t\t\t\t<\/div>\n\t\t\t\t<\/div>\n\t\t\t\t\t<\/div>\n\t\t<\/div>\n\t\t\t\t\t<\/div>\n\t\t<\/section>\n\t\t\t\t<section class=\"elementor-section elementor-top-section elementor-element elementor-element-87cd6dd elementor-section-boxed elementor-section-height-default elementor-section-height-default\" data-id=\"87cd6dd\" data-element_type=\"section\" data-e-type=\"section\">\n\t\t\t\t\t\t<div class=\"elementor-container elementor-column-gap-default\">\n\t\t\t\t\t<div class=\"elementor-column elementor-col-100 elementor-top-column elementor-element elementor-element-9206a4c\" data-id=\"9206a4c\" data-element_type=\"column\" data-e-type=\"column\">\n\t\t\t<div class=\"elementor-widget-wrap elementor-element-populated\">\n\t\t\t\t\t\t<div class=\"elementor-element elementor-element-744c96c elementor-widget elementor-widget-heading\" data-id=\"744c96c\" data-element_type=\"widget\" data-e-type=\"widget\" data-widget_type=\"heading.default\">\n\t\t\t\t<div class=\"elementor-widget-container\">\n\t\t\t\t\t<h2 class=\"elementor-heading-title elementor-size-default\">P\u00ebrse na zgjidhni ne<\/h2>\t\t\t\t<\/div>\n\t\t\t\t<\/div>\n\t\t\t\t<div class=\"elementor-element elementor-element-d1a44e6 elementor-widget elementor-widget-heading\" data-id=\"d1a44e6\" data-element_type=\"widget\" data-e-type=\"widget\" data-widget_type=\"heading.default\">\n\t\t\t\t<div class=\"elementor-widget-container\">\n\t\t\t\t\t<h2 class=\"elementor-heading-title elementor-size-default\">Nga tani mund t\u00eb merrni ndihm\u00ebn juridike<\/h2>\t\t\t\t<\/div>\n\t\t\t\t<\/div>\n\t\t\t\t\t<\/div>\n\t\t<\/div>\n\t\t\t\t\t<\/div>\n\t\t<\/section>\n\t\t\t\t<section class=\"elementor-section elementor-top-section elementor-element elementor-element-af7e64b elementor-section-boxed elementor-section-height-default elementor-section-height-default\" data-id=\"af7e64b\" data-element_type=\"section\" data-e-type=\"section\">\n\t\t\t\t\t\t<div class=\"elementor-container elementor-column-gap-default\">\n\t\t\t\t\t<div class=\"elementor-column elementor-col-50 elementor-top-column elementor-element elementor-element-f305919\" data-id=\"f305919\" data-element_type=\"column\" data-e-type=\"column\">\n\t\t\t<div class=\"elementor-widget-wrap elementor-element-populated\">\n\t\t\t\t\t\t<div class=\"elementor-element elementor-element-9076167 elementor-widget elementor-widget-image\" data-id=\"9076167\" data-element_type=\"widget\" data-e-type=\"widget\" data-widget_type=\"image.default\">\n\t\t\t\t<div class=\"elementor-widget-container\">\n\t\t\t\t\t\t\t\t\t\t\t\t\t\t\t<img fetchpriority=\"high\" decoding=\"async\" width=\"640\" height=\"706\" src=\"https:\/\/semirshabani.mk\/wp-content\/uploads\/2019\/08\/wesley-tingey-9z9fxr_7Z-k-unsplash-l.jpg\" class=\"attachment-large size-large wp-image-156\" alt=\"\" srcset=\"https:\/\/semirshabani.mk\/wp-content\/uploads\/2019\/08\/wesley-tingey-9z9fxr_7Z-k-unsplash-l.jpg 800w, https:\/\/semirshabani.mk\/wp-content\/uploads\/2019\/08\/wesley-tingey-9z9fxr_7Z-k-unsplash-l-272x300.jpg 272w, https:\/\/semirshabani.mk\/wp-content\/uploads\/2019\/08\/wesley-tingey-9z9fxr_7Z-k-unsplash-l-768x847.jpg 768w\" sizes=\"(max-width: 640px) 100vw, 640px\" \/>\t\t\t\t\t\t\t\t\t\t\t\t\t\t\t<\/div>\n\t\t\t\t<\/div>\n\t\t\t\t\t<\/div>\n\t\t<\/div>\n\t\t\t\t<div class=\"elementor-column elementor-col-50 elementor-top-column elementor-element elementor-element-05fb0ab\" data-id=\"05fb0ab\" data-element_type=\"column\" data-e-type=\"column\">\n\t\t\t<div class=\"elementor-widget-wrap elementor-element-populated\">\n\t\t\t\t\t\t<div class=\"elementor-element elementor-element-777ece4 elementor-widget elementor-widget-heading\" data-id=\"777ece4\" data-element_type=\"widget\" data-e-type=\"widget\" data-widget_type=\"heading.default\">\n\t\t\t\t<div class=\"elementor-widget-container\">\n\t\t\t\t\t<h2 class=\"elementor-heading-title elementor-size-default\">FAQ'S<\/h2>\t\t\t\t<\/div>\n\t\t\t\t<\/div>\n\t\t\t\t<div class=\"elementor-element elementor-element-6434070 elementor-widget elementor-widget-heading\" data-id=\"6434070\" data-element_type=\"widget\" data-e-type=\"widget\" data-widget_type=\"heading.default\">\n\t\t\t\t<div class=\"elementor-widget-container\">\n\t\t\t\t\t<h2 class=\"elementor-heading-title elementor-size-default\">Pyetje t\u00eb zakonshme<\/h2>\t\t\t\t<\/div>\n\t\t\t\t<\/div>\n\t\t\t\t<div class=\"elementor-element elementor-element-9705100 elementor-widget elementor-widget-accordion\" data-id=\"9705100\" data-element_type=\"widget\" data-e-type=\"widget\" data-widget_type=\"accordion.default\">\n\t\t\t\t<div class=\"elementor-widget-container\">\n\t\t\t\t\t\t\t<div class=\"elementor-accordion\">\n\t\t\t\t\t\t\t<div class=\"elementor-accordion-item\">\n\t\t\t\t\t<div id=\"elementor-tab-title-1581\" class=\"elementor-tab-title\" data-tab=\"1\" role=\"button\" aria-controls=\"elementor-tab-content-1581\" aria-expanded=\"false\">\n\t\t\t\t\t\t\t\t\t\t\t\t\t<span class=\"elementor-accordion-icon elementor-accordion-icon-left\" aria-hidden=\"true\">\n\t\t\t\t\t\t\t\t\t\t\t\t\t\t\t<span class=\"elementor-accordion-icon-closed\"><i class=\"fas fa-plus\"><\/i><\/span>\n\t\t\t\t\t\t\t\t<span class=\"elementor-accordion-icon-opened\"><i class=\"fas fa-minus\"><\/i><\/span>\n\t\t\t\t\t\t\t\t\t\t\t\t\t\t<\/span>\n\t\t\t\t\t\t\t\t\t\t\t\t<a class=\"elementor-accordion-title\" tabindex=\"0\">Si mund t\u00eb kontaktoni me ne?<\/a>\n\t\t\t\t\t<\/div>\n\t\t\t\t\t<div id=\"elementor-tab-content-1581\" class=\"elementor-tab-content elementor-clearfix\" data-tab=\"1\" role=\"region\" aria-labelledby=\"elementor-tab-title-1581\"><p>Ne faqen ton\u00eb kemi v\u00ebn\u00eb mund\u00ebsit\u00eb p\u00ebr vegla t\u00eb ndryshme komunikimi si whatsapp, viber, email etj. Poashtu mund t\u00eb na kontaktoni n\u00eb \u00e7do koh\u00eb n\u00eb mobil<\/p><\/div>\n\t\t\t\t<\/div>\n\t\t\t\t\t\t\t<div class=\"elementor-accordion-item\">\n\t\t\t\t\t<div id=\"elementor-tab-title-1582\" class=\"elementor-tab-title\" data-tab=\"2\" role=\"button\" aria-controls=\"elementor-tab-content-1582\" aria-expanded=\"false\">\n\t\t\t\t\t\t\t\t\t\t\t\t\t<span class=\"elementor-accordion-icon elementor-accordion-icon-left\" aria-hidden=\"true\">\n\t\t\t\t\t\t\t\t\t\t\t\t\t\t\t<span class=\"elementor-accordion-icon-closed\"><i class=\"fas fa-plus\"><\/i><\/span>\n\t\t\t\t\t\t\t\t<span class=\"elementor-accordion-icon-opened\"><i class=\"fas fa-minus\"><\/i><\/span>\n\t\t\t\t\t\t\t\t\t\t\t\t\t\t<\/span>\n\t\t\t\t\t\t\t\t\t\t\t\t<a class=\"elementor-accordion-title\" tabindex=\"0\">P\u00ebr sa koh\u00eb zgjidhet \u00e7\u00ebshtja jon\u00eb?<\/a>\n\t\t\t\t\t<\/div>\n\t\t\t\t\t<div id=\"elementor-tab-content-1582\" class=\"elementor-tab-content elementor-clearfix\" data-tab=\"2\" role=\"region\" aria-labelledby=\"elementor-tab-title-1582\"><p>Nvar\u00ebsisht prej praktik\u00ebs. N\u00ebse ju keni nj\u00eb \u00e7\u00ebshtje t\u00eb ngjashme me nj\u00eb tjet\u00ebr q\u00eb ka kaluar n\u00ebp\u00ebr ne, brenda dit\u00ebs ju tregojm\u00eb p\u00ebraf\u00ebrsisht sa koh\u00eb do t\u00eb merr zgjidhje e problemit tuaj.<\/p><\/div>\n\t\t\t\t<\/div>\n\t\t\t\t\t\t\t<div class=\"elementor-accordion-item\">\n\t\t\t\t\t<div id=\"elementor-tab-title-1583\" class=\"elementor-tab-title\" data-tab=\"3\" role=\"button\" aria-controls=\"elementor-tab-content-1583\" aria-expanded=\"false\">\n\t\t\t\t\t\t\t\t\t\t\t\t\t<span class=\"elementor-accordion-icon elementor-accordion-icon-left\" aria-hidden=\"true\">\n\t\t\t\t\t\t\t\t\t\t\t\t\t\t\t<span class=\"elementor-accordion-icon-closed\"><i class=\"fas fa-plus\"><\/i><\/span>\n\t\t\t\t\t\t\t\t<span class=\"elementor-accordion-icon-opened\"><i class=\"fas fa-minus\"><\/i><\/span>\n\t\t\t\t\t\t\t\t\t\t\t\t\t\t<\/span>\n\t\t\t\t\t\t\t\t\t\t\t\t<a class=\"elementor-accordion-title\" tabindex=\"0\">Cilat jan\u00eb metodat e pages\u00ebs tek ju?<\/a>\n\t\t\t\t\t<\/div>\n\t\t\t\t\t<div id=\"elementor-tab-content-1583\" class=\"elementor-tab-content elementor-clearfix\" data-tab=\"3\" role=\"region\" aria-labelledby=\"elementor-tab-title-1583\">Pranojm\u00eb pages\u00ebn vet\u00ebm p\u00ebrmes faturls dhe llogaris\u00eb fiskale. Cmimorja jon\u00eb \u00ebsht\u00eb publike dhe e rregulluar me ligj.<\/div>\n\t\t\t\t<\/div>\n\t\t\t\t\t\t\t<div class=\"elementor-accordion-item\">\n\t\t\t\t\t<div id=\"elementor-tab-title-1584\" class=\"elementor-tab-title\" data-tab=\"4\" role=\"button\" aria-controls=\"elementor-tab-content-1584\" aria-expanded=\"false\">\n\t\t\t\t\t\t\t\t\t\t\t\t\t<span class=\"elementor-accordion-icon elementor-accordion-icon-left\" aria-hidden=\"true\">\n\t\t\t\t\t\t\t\t\t\t\t\t\t\t\t<span class=\"elementor-accordion-icon-closed\"><i class=\"fas fa-plus\"><\/i><\/span>\n\t\t\t\t\t\t\t\t<span class=\"elementor-accordion-icon-opened\"><i class=\"fas fa-minus\"><\/i><\/span>\n\t\t\t\t\t\t\t\t\t\t\t\t\t\t<\/span>\n\t\t\t\t\t\t\t\t\t\t\t\t<a class=\"elementor-accordion-title\" tabindex=\"0\">A mund t\u00eb komunikojm\u00eb me ju edhe online?<\/a>\n\t\t\t\t\t<\/div>\n\t\t\t\t\t<div id=\"elementor-tab-content-1584\" class=\"elementor-tab-content elementor-clearfix\" data-tab=\"4\" role=\"region\" aria-labelledby=\"elementor-tab-title-1584\"><p>Gjithsesi!<\/p><\/div>\n\t\t\t\t<\/div>\n\t\t\t\t\t\t\t\t<\/div>\n\t\t\t\t\t\t<\/div>\n\t\t\t\t<\/div>\n\t\t\t\t\t<\/div>\n\t\t<\/div>\n\t\t\t\t\t<\/div>\n\t\t<\/section>\n\t\t\t\t<section class=\"elementor-section elementor-top-section elementor-element elementor-element-632fc008 elementor-section-boxed elementor-section-height-default elementor-section-height-default\" data-id=\"632fc008\" data-element_type=\"section\" data-e-type=\"section\">\n\t\t\t\t\t\t<div class=\"elementor-container elementor-column-gap-default\">\n\t\t\t\t\t<div class=\"elementor-column elementor-col-50 elementor-top-column elementor-element elementor-element-6b7c9fdb\" data-id=\"6b7c9fdb\" data-element_type=\"column\" data-e-type=\"column\">\n\t\t\t<div class=\"elementor-widget-wrap elementor-element-populated\">\n\t\t\t\t\t\t<div class=\"elementor-element elementor-element-2b2d9c92 elementor-widget elementor-widget-heading\" data-id=\"2b2d9c92\" data-element_type=\"widget\" data-e-type=\"widget\" data-widget_type=\"heading.default\">\n\t\t\t\t<div class=\"elementor-widget-container\">\n\t\t\t\t\t<h2 class=\"elementor-heading-title elementor-size-default\">Merrni konsultim falas p\u00ebr rastin tuaj<\/h2>\t\t\t\t<\/div>\n\t\t\t\t<\/div>\n\t\t\t\t<div class=\"elementor-element elementor-element-449f3e6e elementor-widget elementor-widget-text-editor\" data-id=\"449f3e6e\" data-element_type=\"widget\" data-e-type=\"widget\" data-widget_type=\"text-editor.default\">\n\t\t\t\t<div class=\"elementor-widget-container\">\n\t\t\t\t\t\t\t\t\t<p>Ne mund t\u00eb shqyrtojm\u00eb rastin tuaj dhe t&#8217;ju japim k\u00ebshilla se si t\u00eb vazhdoni. Na shpjegoni rastin tuaj dhe ne do t&#8217;ju tregojm\u00eb rrug\u00ebt ligjore.<\/p>\t\t\t\t\t\t\t\t<\/div>\n\t\t\t\t<\/div>\n\t\t\t\t\t<\/div>\n\t\t<\/div>\n\t\t\t\t<div class=\"elementor-column elementor-col-50 elementor-top-column elementor-element elementor-element-53b8c7fe\" data-id=\"53b8c7fe\" data-element_type=\"column\" data-e-type=\"column\">\n\t\t\t<div class=\"elementor-widget-wrap elementor-element-populated\">\n\t\t\t\t\t\t<div class=\"elementor-element elementor-element-dfe2e7c elementor-align-right elementor-widget elementor-widget-button\" data-id=\"dfe2e7c\" data-element_type=\"widget\" data-e-type=\"widget\" data-widget_type=\"button.default\">\n\t\t\t\t<div class=\"elementor-widget-container\">\n\t\t\t\t\t\t\t\t\t<div class=\"elementor-button-wrapper\">\n\t\t\t\t\t<a class=\"elementor-button elementor-button-link elementor-size-lg\" href=\"https:\/\/semirshabani.mk\/sq\/perne\/\">\n\t\t\t\t\t\t<span class=\"elementor-button-content-wrapper\">\n\t\t\t\t\t\t<span class=\"elementor-button-icon\">\n\t\t\t\t<i aria-hidden=\"true\" class=\"fas fa-angle-double-right\"><\/i>\t\t\t<\/span>\n\t\t\t\t\t\t\t\t\t<span class=\"elementor-button-text\">K\u00cbRKO KONSULENC\u00cb FALAS<\/span>\n\t\t\t\t\t<\/span>\n\t\t\t\t\t<\/a>\n\t\t\t\t<\/div>\n\t\t\t\t\t\t\t\t<\/div>\n\t\t\t\t<\/div>\n\t\t\t\t\t<\/div>\n\t\t<\/div>\n\t\t\t\t\t<\/div>\n\t\t<\/section>\n\t\t\t\t<\/div>\n\t\t","protected":false},"excerpt":{"rendered":"<p>KUSH JEMI NE Di\u00e7ka m\u00eb tep\u00ebr p\u00ebr ne Me p\u00ebrvoj\u00ebn q\u00eb kam fituar n\u00eb komapni t\u00eb ndryshme nd\u00ebr vite jap m\u00eb t\u00eb mir\u00ebn e mundshme&hellip;<\/p>\n","protected":false},"author":1,"featured_media":0,"parent":0,"menu_order":0,"comment_status":"closed","ping_status":"closed","template":"","meta":{"footnotes":""},"class_list":["post-221","page","type-page","status-publish","hentry"],"yoast_head":"<!-- This site is optimized with the Yoast SEO plugin v27.4 - https:\/\/yoast.com\/product\/yoast-seo-wordpress\/ -->\n<title>P\u00ebr Ne - Semir Shabani<\/title>\n<meta name=\"description\" content=\"Semir Shabani\" \/>\n<meta name=\"robots\" content=\"index, follow, max-snippet:-1, max-image-preview:large, max-video-preview:-1\" \/>\n<link rel=\"canonical\" href=\"https:\/\/semirshabani.mk\/sq\/perne\/\" \/>\n<meta property=\"og:locale\" content=\"sq_AL\" \/>\n<meta property=\"og:type\" content=\"article\" \/>\n<meta property=\"og:title\" content=\"P\u00ebr Ne - Semir Shabani\" \/>\n<meta property=\"og:description\" content=\"Semir Shabani\" \/>\n<meta property=\"og:url\" content=\"https:\/\/semirshabani.mk\/sq\/perne\/\" \/>\n<meta property=\"og:site_name\" content=\"Semir Shabani\" \/>\n<meta property=\"article:publisher\" content=\"https:\/\/www.facebook.com\/semir.shabani\" \/>\n<meta property=\"article:modified_time\" content=\"2022-11-27T19:02:27+00:00\" \/>\n<meta property=\"og:image\" content=\"http:\/\/semirshabani.mk\/wp-content\/uploads\/2019\/08\/wesley-tingey-9z9fxr_7Z-k-unsplash-l.jpg\" \/>\n<meta name=\"twitter:card\" content=\"summary_large_image\" \/>\n<meta name=\"twitter:label1\" content=\"Est. reading time\" \/>\n\t<meta name=\"twitter:data1\" content=\"1 minute\" \/>\n<script type=\"application\/ld+json\" class=\"yoast-schema-graph\">{\"@context\":\"https:\\\/\\\/schema.org\",\"@graph\":[{\"@type\":\"WebPage\",\"@id\":\"https:\\\/\\\/semirshabani.mk\\\/sq\\\/perne\\\/\",\"url\":\"https:\\\/\\\/semirshabani.mk\\\/sq\\\/perne\\\/\",\"name\":\"P\u00ebr Ne - Semir Shabani\",\"isPartOf\":{\"@id\":\"https:\\\/\\\/semirshabani.mk\\\/sq\\\/#website\"},\"primaryImageOfPage\":{\"@id\":\"https:\\\/\\\/semirshabani.mk\\\/sq\\\/perne\\\/#primaryimage\"},\"image\":{\"@id\":\"https:\\\/\\\/semirshabani.mk\\\/sq\\\/perne\\\/#primaryimage\"},\"thumbnailUrl\":\"http:\\\/\\\/semirshabani.mk\\\/wp-content\\\/uploads\\\/2019\\\/08\\\/wesley-tingey-9z9fxr_7Z-k-unsplash-l.jpg\",\"datePublished\":\"2022-08-29T07:22:05+00:00\",\"dateModified\":\"2022-11-27T19:02:27+00:00\",\"description\":\"Semir Shabani\",\"breadcrumb\":{\"@id\":\"https:\\\/\\\/semirshabani.mk\\\/sq\\\/perne\\\/#breadcrumb\"},\"inLanguage\":\"sq-AL\",\"potentialAction\":[{\"@type\":\"ReadAction\",\"target\":[\"https:\\\/\\\/semirshabani.mk\\\/sq\\\/perne\\\/\"]}]},{\"@type\":\"ImageObject\",\"inLanguage\":\"sq-AL\",\"@id\":\"https:\\\/\\\/semirshabani.mk\\\/sq\\\/perne\\\/#primaryimage\",\"url\":\"http:\\\/\\\/semirshabani.mk\\\/wp-content\\\/uploads\\\/2019\\\/08\\\/wesley-tingey-9z9fxr_7Z-k-unsplash-l.jpg\",\"contentUrl\":\"http:\\\/\\\/semirshabani.mk\\\/wp-content\\\/uploads\\\/2019\\\/08\\\/wesley-tingey-9z9fxr_7Z-k-unsplash-l.jpg\"},{\"@type\":\"BreadcrumbList\",\"@id\":\"https:\\\/\\\/semirshabani.mk\\\/sq\\\/perne\\\/#breadcrumb\",\"itemListElement\":[{\"@type\":\"ListItem\",\"position\":1,\"name\":\"Home\",\"item\":\"https:\\\/\\\/semirshabani.mk\\\/sq\\\/\"},{\"@type\":\"ListItem\",\"position\":2,\"name\":\"P\u00ebr Ne\"}]},{\"@type\":\"WebSite\",\"@id\":\"https:\\\/\\\/semirshabani.mk\\\/sq\\\/#website\",\"url\":\"https:\\\/\\\/semirshabani.mk\\\/sq\\\/\",\"name\":\"Semir Shabani\",\"description\":\"Avokat - \u0410\u0434\u0432\u043e\u043a\u0430\u0442 - Lawyer\",\"publisher\":{\"@id\":\"https:\\\/\\\/semirshabani.mk\\\/sq\\\/#organization\"},\"alternateName\":\"Avokat - \u0410\u0434\u0432\u043e\u043a\u0430\u0442 - Lawyer\",\"potentialAction\":[{\"@type\":\"SearchAction\",\"target\":{\"@type\":\"EntryPoint\",\"urlTemplate\":\"https:\\\/\\\/semirshabani.mk\\\/sq\\\/?s={search_term_string}\"},\"query-input\":{\"@type\":\"PropertyValueSpecification\",\"valueRequired\":true,\"valueName\":\"search_term_string\"}}],\"inLanguage\":\"sq-AL\"},{\"@type\":\"Organization\",\"@id\":\"https:\\\/\\\/semirshabani.mk\\\/sq\\\/#organization\",\"name\":\"Semir Shabani\",\"alternateName\":\"Avokat - \u0410\u0434\u0432\u043e\u043a\u0430\u0442 - Lawyer\",\"url\":\"https:\\\/\\\/semirshabani.mk\\\/sq\\\/\",\"logo\":{\"@type\":\"ImageObject\",\"inLanguage\":\"sq-AL\",\"@id\":\"https:\\\/\\\/semirshabani.mk\\\/sq\\\/#\\\/schema\\\/logo\\\/image\\\/\",\"url\":\"https:\\\/\\\/semirshabani.mk\\\/wp-content\\\/uploads\\\/2022\\\/11\\\/favlogo512x512.png\",\"contentUrl\":\"https:\\\/\\\/semirshabani.mk\\\/wp-content\\\/uploads\\\/2022\\\/11\\\/favlogo512x512.png\",\"width\":513,\"height\":512,\"caption\":\"Semir Shabani\"},\"image\":{\"@id\":\"https:\\\/\\\/semirshabani.mk\\\/sq\\\/#\\\/schema\\\/logo\\\/image\\\/\"},\"sameAs\":[\"https:\\\/\\\/www.facebook.com\\\/semir.shabani\"]}]}<\/script>\n<!-- \/ Yoast SEO plugin. -->","yoast_head_json":{"title":"P\u00ebr Ne - Semir Shabani","description":"Semir Shabani","robots":{"index":"index","follow":"follow","max-snippet":"max-snippet:-1","max-image-preview":"max-image-preview:large","max-video-preview":"max-video-preview:-1"},"canonical":"https:\/\/semirshabani.mk\/sq\/perne\/","og_locale":"sq_AL","og_type":"article","og_title":"P\u00ebr Ne - Semir Shabani","og_description":"Semir Shabani","og_url":"https:\/\/semirshabani.mk\/sq\/perne\/","og_site_name":"Semir Shabani","article_publisher":"https:\/\/www.facebook.com\/semir.shabani","article_modified_time":"2022-11-27T19:02:27+00:00","og_image":[{"url":"http:\/\/semirshabani.mk\/wp-content\/uploads\/2019\/08\/wesley-tingey-9z9fxr_7Z-k-unsplash-l.jpg","type":"","width":"","height":""}],"twitter_card":"summary_large_image","twitter_misc":{"Est. reading time":"1 minute"},"schema":{"@context":"https:\/\/schema.org","@graph":[{"@type":"WebPage","@id":"https:\/\/semirshabani.mk\/sq\/perne\/","url":"https:\/\/semirshabani.mk\/sq\/perne\/","name":"P\u00ebr Ne - Semir Shabani","isPartOf":{"@id":"https:\/\/semirshabani.mk\/sq\/#website"},"primaryImageOfPage":{"@id":"https:\/\/semirshabani.mk\/sq\/perne\/#primaryimage"},"image":{"@id":"https:\/\/semirshabani.mk\/sq\/perne\/#primaryimage"},"thumbnailUrl":"http:\/\/semirshabani.mk\/wp-content\/uploads\/2019\/08\/wesley-tingey-9z9fxr_7Z-k-unsplash-l.jpg","datePublished":"2022-08-29T07:22:05+00:00","dateModified":"2022-11-27T19:02:27+00:00","description":"Semir Shabani","breadcrumb":{"@id":"https:\/\/semirshabani.mk\/sq\/perne\/#breadcrumb"},"inLanguage":"sq-AL","potentialAction":[{"@type":"ReadAction","target":["https:\/\/semirshabani.mk\/sq\/perne\/"]}]},{"@type":"ImageObject","inLanguage":"sq-AL","@id":"https:\/\/semirshabani.mk\/sq\/perne\/#primaryimage","url":"http:\/\/semirshabani.mk\/wp-content\/uploads\/2019\/08\/wesley-tingey-9z9fxr_7Z-k-unsplash-l.jpg","contentUrl":"http:\/\/semirshabani.mk\/wp-content\/uploads\/2019\/08\/wesley-tingey-9z9fxr_7Z-k-unsplash-l.jpg"},{"@type":"BreadcrumbList","@id":"https:\/\/semirshabani.mk\/sq\/perne\/#breadcrumb","itemListElement":[{"@type":"ListItem","position":1,"name":"Home","item":"https:\/\/semirshabani.mk\/sq\/"},{"@type":"ListItem","position":2,"name":"P\u00ebr Ne"}]},{"@type":"WebSite","@id":"https:\/\/semirshabani.mk\/sq\/#website","url":"https:\/\/semirshabani.mk\/sq\/","name":"Semir Shabani","description":"Avokat - \u0410\u0434\u0432\u043e\u043a\u0430\u0442 - Lawyer","publisher":{"@id":"https:\/\/semirshabani.mk\/sq\/#organization"},"alternateName":"Avokat - \u0410\u0434\u0432\u043e\u043a\u0430\u0442 - Lawyer","potentialAction":[{"@type":"SearchAction","target":{"@type":"EntryPoint","urlTemplate":"https:\/\/semirshabani.mk\/sq\/?s={search_term_string}"},"query-input":{"@type":"PropertyValueSpecification","valueRequired":true,"valueName":"search_term_string"}}],"inLanguage":"sq-AL"},{"@type":"Organization","@id":"https:\/\/semirshabani.mk\/sq\/#organization","name":"Semir Shabani","alternateName":"Avokat - \u0410\u0434\u0432\u043e\u043a\u0430\u0442 - Lawyer","url":"https:\/\/semirshabani.mk\/sq\/","logo":{"@type":"ImageObject","inLanguage":"sq-AL","@id":"https:\/\/semirshabani.mk\/sq\/#\/schema\/logo\/image\/","url":"https:\/\/semirshabani.mk\/wp-content\/uploads\/2022\/11\/favlogo512x512.png","contentUrl":"https:\/\/semirshabani.mk\/wp-content\/uploads\/2022\/11\/favlogo512x512.png","width":513,"height":512,"caption":"Semir Shabani"},"image":{"@id":"https:\/\/semirshabani.mk\/sq\/#\/schema\/logo\/image\/"},"sameAs":["https:\/\/www.facebook.com\/semir.shabani"]}]}},"_links":{"self":[{"href":"https:\/\/semirshabani.mk\/sq\/wp-json\/wp\/v2\/pages\/221","targetHints":{"allow":["GET"]}}],"collection":[{"href":"https:\/\/semirshabani.mk\/sq\/wp-json\/wp\/v2\/pages"}],"about":[{"href":"https:\/\/semirshabani.mk\/sq\/wp-json\/wp\/v2\/types\/page"}],"author":[{"embeddable":true,"href":"https:\/\/semirshabani.mk\/sq\/wp-json\/wp\/v2\/users\/1"}],"replies":[{"embeddable":true,"href":"https:\/\/semirshabani.mk\/sq\/wp-json\/wp\/v2\/comments?post=221"}],"version-history":[{"count":12,"href":"https:\/\/semirshabani.mk\/sq\/wp-json\/wp\/v2\/pages\/221\/revisions"}],"predecessor-version":[{"id":416,"href":"https:\/\/semirshabani.mk\/sq\/wp-json\/wp\/v2\/pages\/221\/revisions\/416"}],"wp:attachment":[{"href":"https:\/\/semirshabani.mk\/sq\/wp-json\/wp\/v2\/media?parent=221"}],"curies":[{"name":"wp","href":"https:\/\/api.w.org\/{rel}","templated":true}]}}